{"id":340,"date":"2023-05-28T16:49:59","date_gmt":"2023-05-28T14:49:59","guid":{"rendered":"https:\/\/www.hotelfertelmaillot.com\/new\/situation-hotel-fertel-maillot-paris\/"},"modified":"2026-02-09T14:26:35","modified_gmt":"2026-02-09T13:26:35","slug":"lacalizacao-hotel-fertel-maillot-paris","status":"publish","type":"page","link":"https:\/\/www.hotelfertelmaillot.com\/pt-br\/lacalizacao-hotel-fertel-maillot-paris\/","title":{"rendered":"Situation"},"content":{"rendered":"\n\t<section class=\"section\" id=\"section_586461171\">\n\t\t<div class=\"bg section-bg fill bg-fill  bg-loaded\" >\n\n\t\t\t\n\t\t\t\n\t\t\t\n\n\t\t<\/div>\n\n\t\t\n\n\t\t<div class=\"section-content relative\">\n\t\t\t\n\n\n\n<iframe src=\"https:\/\/www.google.com\/maps\/embed?pb=!1m18!1m12!1m3!1d10495.812843326992!2d2.2765518697753904!3d48.878168500000015!2m3!1f0!2f0!3f0!3m2!1i1024!2i768!4f13.1!3m3!1m2!1s0x47e66f8cb07d1d0f%3A0xc25eb293320ad837!2s269%20Bd%20Pereire%2C%2075017%20Paris!5e0!3m2!1sfr!2sfr!4v1684211886336!5m2!1sfr!2sfr\" width=\"100%\" height=\"400\" style=\"border:0;\" allowfullscreen=\"\" loading=\"lazy\" referrerpolicy=\"no-referrer-when-downgrade\"><\/iframe>\n\n\n\t\t<\/div>\n\n\t\t\n<style>\n#section_586461171 {\n  padding-top: 0px;\n  padding-bottom: 0px;\n}\n#section_586461171 .ux-shape-divider--top svg {\n  height: 150px;\n  --divider-top-width: 100%;\n}\n#section_586461171 .ux-shape-divider--bottom svg {\n  height: 150px;\n  --divider-width: 100%;\n}\n<\/style>\n\t<\/section>\n\t\n<div class=\"row\"  id=\"row-607085965\">\n\n\n\t<div id=\"col-729067469\" class=\"col small-12 large-12\"  data-animate=\"fadeInUp\">\n\t\t\t\t<div class=\"col-inner\"  >\n\t\t\t\n\t\t\t\n\n<h1 style=\"text-align: center;\">LOCALIZA\u00c7\u00c3O DO HOTEL FERTEL MAILLOT<\/h1>\n<p style=\"text-align: center;\">Um charmoso hotel, a poucos passos do Palais des Congr\u00e8s e a apenas alguns minutos dos Champs-Elys\u00e9es e do Arco do Triunfo!<\/p>\n\n\t\t<\/div>\n\t\t\t\t\t<\/div>\n\n\t\n\n\t<div id=\"col-1877094653\" class=\"col medium-6 small-12 large-6\"  data-animate=\"fadeInLeft\">\n\t\t\t\t<div class=\"col-inner\"  >\n\t\t\t\n\t\t\t\n\n<h2>ESTACIONAMENTO<\/h2>\n<ul>\n<li><a href=\"https:\/\/www.q-park.fr\/en-gb\/cities\/paris\/hotel-fertel\/\" target=\"_blank\" rel=\"noopener\">Clique aqui para reservar no estacionamento mais proximo<\/a><\/li>\n<li>Outra opcao: Estacionamento do Palais des Congres<\/li>\n<\/ul>\n<h2>TRANSPORTE PUBLICO<\/h2>\n<ul>\n<li>Metro: Porte Maillot (linha 1)<\/li>\n<li>RER (nas proximidades):\n<p>&#8211; Charles De Gaulle-Etoile (linha A)<br \/>&#8211; Neuilly-Porte Maillot (linhas C e E)<\/p>\n<\/li>\n<li>Onibus: Porte Maillot (73-43-82-PC)<\/li>\n<li>Tramway: Porte Maillot &#8211; Palais des Congres (Linha T3B)<\/li>\n<li>Onibus do aeroporto: Aeroporto de Beauvais &#8211; Porte Maillot (Linha A01)<\/li>\n<\/ul>\n\n\n\t\t<\/div>\n\t\t\t\t\t<\/div>\n\n\t\n\n\t<div id=\"col-538356054\" class=\"col medium-6 small-12 large-6\"  data-animate=\"fadeInRight\">\n\t\t\t\t<div class=\"col-inner\"  >\n\t\t\t\n\t\t\t\n\n\t<div class=\"img has-hover x md-x lg-x y md-y lg-y\" id=\"image_2060791430\">\n\t\t\t\t\t\t\t\t<div class=\"img-inner box-shadow-3 dark\" >\n\t\t\t<img decoding=\"async\" width=\"1020\" height=\"679\" src=\"https:\/\/www.hotelfertelmaillot.com\/wp-content\/uploads\/2023\/04\/hotel-fertel-maillot-paris-102-1024x682.jpg\" class=\"attachment-large size-large\" alt=\"\" srcset=\"https:\/\/www.hotelfertelmaillot.com\/wp-content\/uploads\/2023\/04\/hotel-fertel-maillot-paris-102-1024x682.jpg 1024w, https:\/\/www.hotelfertelmaillot.com\/wp-content\/uploads\/2023\/04\/hotel-fertel-maillot-paris-102-300x200.jpg 300w, https:\/\/www.hotelfertelmaillot.com\/wp-content\/uploads\/2023\/04\/hotel-fertel-maillot-paris-102-768x512.jpg 768w, https:\/\/www.hotelfertelmaillot.com\/wp-content\/uploads\/2023\/04\/hotel-fertel-maillot-paris-102-1536x1024.jpg 1536w, https:\/\/www.hotelfertelmaillot.com\/wp-content\/uploads\/2023\/04\/hotel-fertel-maillot-paris-102.jpg 2000w\" sizes=\"(max-width: 1020px) 100vw, 1020px\" \/>\t\t\t\t\t\t\n\t\t\t\t\t<\/div>\n\t\t\t\t\t\t\t\t\n<style>\n#image_2060791430 {\n  width: 100%;\n}\n<\/style>\n\t<\/div>\n\t\n\n\n\t\t<\/div>\n\t\t\t\t\t<\/div>\n\n\t\n\n\t<div id=\"col-1265007067\" class=\"col small-12 large-12\"  data-animate=\"fadeInUp\">\n\t\t\t\t<div class=\"col-inner\"  >\n\t\t\t\n\t\t\t\n\n<h2>COMO CHEGAR AO HOTEL A PARTIR DOS AEROPORTOS E DAS ESTA\u00c7\u00d5ES DE TREM E METR\u00d4<\/h2>\n<ul>\n<li><strong>Do Aeroporto de Orly :<\/strong><br \/>&#8211; Orlyval (metr\u00f4 autom\u00e1tico) at\u00e9 Antony, RER B (trem suburbano) at\u00e9 Ch\u00e2telet e metr\u00f4 linha 1 dire\u00e7\u00e3o La D\u00e9fense, parada Porte Maillot.<\/li>\n<li><strong>Da gare du Nord\/gare de l&#8217;Est :<\/strong>\u00a0Metr\u00f4 linha 4 dire\u00e7\u00e3o Porte d&#8217;Orl\u00e9ans at\u00e9 Ch\u00e2telet-les-Halles e linha 1 dire\u00e7\u00e3o La D\u00e9fense, parada Porte Maillot.<\/li>\n<li><strong>Da gare d&#8217;Austerlitz :<\/strong>\u00a0RER C dire\u00e7\u00e3o Pontoise, parada Neuilly-Porte Maillot.<\/li>\n<li><strong>Da gare Montparnasse :<\/strong>\u00a0Metr\u00f4 linha 13 dire\u00e7\u00e3o Asni\u00e8res-Saint-Denis at\u00e9 Champs-Elys\u00e9es-Cl\u00e9menceau e linha 1 dire\u00e7\u00e3o La D\u00e9fense, parada Porte Maillot.<\/li>\n<li><strong>Da gare de Lyon :<\/strong>\u00a0Metr\u00f4 linha 1 dire\u00e7\u00e3o La D\u00e9fense, parada Porte Maillot.<\/li>\n<li><strong>Da gare St Lazare :<\/strong>\u00a0Metr\u00f4 linha 13 dire\u00e7\u00e3o Ch\u00e2tillon-Montrouge at\u00e9 Champs-Elys\u00e9es-Cl\u00e9menceau e linha 1 dire\u00e7\u00e3o La D\u00e9fense, parada Porte Maillot.<\/li>\n<\/ul>\n\t<div class=\"img has-hover x md-x lg-x y md-y lg-y\" id=\"image_1003365360\">\n\t\t\t\t\t\t\t\t<div class=\"img-inner image-cover box-shadow-3 dark\" style=\"padding-top:50%;\">\n\t\t\t<img decoding=\"async\" width=\"1200\" height=\"460\" src=\"https:\/\/www.hotelfertelmaillot.com\/wp-content\/uploads\/2023\/05\/hotel-fertel-maillot-paris-2.jpg\" class=\"attachment-original size-original\" alt=\"H\u00f4tel Fertel Maillot Paris\" srcset=\"https:\/\/www.hotelfertelmaillot.com\/wp-content\/uploads\/2023\/05\/hotel-fertel-maillot-paris-2.jpg 1200w, https:\/\/www.hotelfertelmaillot.com\/wp-content\/uploads\/2023\/05\/hotel-fertel-maillot-paris-2-300x115.jpg 300w, https:\/\/www.hotelfertelmaillot.com\/wp-content\/uploads\/2023\/05\/hotel-fertel-maillot-paris-2-1024x393.jpg 1024w, https:\/\/www.hotelfertelmaillot.com\/wp-content\/uploads\/2023\/05\/hotel-fertel-maillot-paris-2-768x294.jpg 768w\" sizes=\"(max-width: 1200px) 100vw, 1200px\" \/>\t\t\t\t\t\t\n\t\t\t\t\t<\/div>\n\t\t\t\t\t\t\t\t\n<style>\n#image_1003365360 {\n  width: 100%;\n}\n<\/style>\n\t<\/div>\n\t\n\n<h2 style=\"text-align: center;\">NOSSO BAIRRO<\/h2>\n<p>As boutiques do Palais des Congr\u00e8s assim como os cinemas ficam a poucos passos do hotel.<br \/>Para almo\u00e7ar ou jantar, nosso bairro muito animado, est\u00e1 cheio de bons endere\u00e7os: restaurantes gourmets, bares de vinhos e bistr\u00f4s t\u00edpicos com pre\u00e7os bem abord\u00e1veis.<\/p>\n<h3>A P\u00c9<\/h3>\n<ul>\n<li><strong>Palais des Congr\u00e8s :\u00a0<\/strong>1 mn<\/li>\n<li><strong>Bois de Boulogne :\u00a0<\/strong>4 mn<\/li>\n<li><strong>Avenue des Ternes :\u00a0<\/strong>5 mn<\/li>\n<li><strong>Arco do Triunfo :\u00a0<\/strong>8 mn<\/li>\n<li><strong>Champs Elys\u00e9es, March\u00e9 Poncelet :\u00a0<\/strong>10 mn<\/li>\n<li><strong>Torre Eiffel :\u00a0<\/strong>20 mn<\/li>\n<\/ul>\n<p>\u00a0<\/p>\n<h3>DE METR\u00d4\/RER\/\u00d4NIBUS<\/h3>\n<ul>\n<li><strong>La D\u00e9fense, Concorde :\u00a0<\/strong>5 mn<\/li>\n<li><strong>O Louvre, a Madeleine, o Mus\u00e9e d&#8217;Orsay, a Avenue Montaigne e suas boutiques de luxo :\u00a0<\/strong>10 mn<\/li>\n<li><strong>Os Grands Boulevards e suas lojas de departamentos (Galeries Lafayette, Printemps), Notre-Dame de Paris :\u00a0<\/strong>15 mn<\/li>\n<li><strong>Montmartre e o Sacr\u00e9-Coeur :\u00a0<\/strong>20 mn<\/li>\n<\/ul>\n\n\t\t<\/div>\n\t\t\t\t\t<\/div>\n\n\t\n\n<\/div>\n\n","protected":false},"excerpt":{"rendered":"","protected":false},"author":1,"featured_media":0,"parent":0,"menu_order":0,"comment_status":"closed","ping_status":"closed","template":"page-blank.php","meta":{"footnotes":""},"class_list":["post-340","page","type-page","status-publish","hentry"],"yoast_head":"<!-- This site is optimized with the Yoast SEO plugin v27.3 - https:\/\/yoast.com\/product\/yoast-seo-wordpress\/ -->\n<title>Hotel Fertel Maillot Paris - Site Oficial - Palais des Congres Paris<\/title>\n<meta name=\"description\" content=\"Descubra o site oficial do Hotel Fertel Maillot, um hotel de 3 estrelas perto de Porte Maillot e do Palais des Congres em Paris.\" \/>\n<meta name=\"robots\" content=\"index, follow, max-snippet:-1, max-image-preview:large, max-video-preview:-1\" \/>\n<link rel=\"canonical\" href=\"https:\/\/www.hotelfertelmaillot.com\/pt-br\/lacalizacao-hotel-fertel-maillot-paris\/\" \/>\n<meta property=\"og:locale\" content=\"pt_BR\" \/>\n<meta property=\"og:type\" content=\"article\" \/>\n<meta property=\"og:title\" content=\"Hotel Fertel Maillot Paris - Site Oficial - Palais des Congres Paris\" \/>\n<meta property=\"og:description\" content=\"Descubra o site oficial do Hotel Fertel Maillot, um hotel de 3 estrelas perto de Porte Maillot e do Palais des Congres em Paris.\" \/>\n<meta property=\"og:url\" content=\"https:\/\/www.hotelfertelmaillot.com\/pt-br\/lacalizacao-hotel-fertel-maillot-paris\/\" \/>\n<meta property=\"og:site_name\" content=\"H\u00f4tel Fertel Maillot Paris\" \/>\n<meta property=\"article:modified_time\" content=\"2026-02-09T13:26:35+00:00\" \/>\n<meta name=\"twitter:card\" content=\"summary_large_image\" \/>\n<meta name=\"twitter:label1\" content=\"Est. tempo de leitura\" \/>\n\t<meta name=\"twitter:data1\" content=\"2 minutos\" \/>\n<script type=\"application\/ld+json\" class=\"yoast-schema-graph\">{\"@context\":\"https:\\\/\\\/schema.org\",\"@graph\":[{\"@type\":\"WebPage\",\"@id\":\"https:\\\/\\\/www.hotelfertelmaillot.com\\\/pt-br\\\/lacalizacao-hotel-fertel-maillot-paris\\\/\",\"url\":\"https:\\\/\\\/www.hotelfertelmaillot.com\\\/pt-br\\\/lacalizacao-hotel-fertel-maillot-paris\\\/\",\"name\":\"Hotel Fertel Maillot Paris - Site Oficial - Palais des Congres Paris\",\"isPartOf\":{\"@id\":\"https:\\\/\\\/www.hotelfertelmaillot.com\\\/pt-br\\\/#website\"},\"datePublished\":\"2023-05-28T14:49:59+00:00\",\"dateModified\":\"2026-02-09T13:26:35+00:00\",\"description\":\"Descubra o site oficial do Hotel Fertel Maillot, um hotel de 3 estrelas perto de Porte Maillot e do Palais des Congres em Paris.\",\"breadcrumb\":{\"@id\":\"https:\\\/\\\/www.hotelfertelmaillot.com\\\/pt-br\\\/lacalizacao-hotel-fertel-maillot-paris\\\/#breadcrumb\"},\"inLanguage\":\"pt-BR\",\"potentialAction\":[{\"@type\":\"ReadAction\",\"target\":[\"https:\\\/\\\/www.hotelfertelmaillot.com\\\/pt-br\\\/lacalizacao-hotel-fertel-maillot-paris\\\/\"]}]},{\"@type\":\"BreadcrumbList\",\"@id\":\"https:\\\/\\\/www.hotelfertelmaillot.com\\\/pt-br\\\/lacalizacao-hotel-fertel-maillot-paris\\\/#breadcrumb\",\"itemListElement\":[{\"@type\":\"ListItem\",\"position\":1,\"name\":\"Accueil\",\"item\":\"https:\\\/\\\/www.hotelfertelmaillot.com\\\/pt-br\\\/hotel\\\/\"},{\"@type\":\"ListItem\",\"position\":2,\"name\":\"Situation\"}]},{\"@type\":\"WebSite\",\"@id\":\"https:\\\/\\\/www.hotelfertelmaillot.com\\\/pt-br\\\/#website\",\"url\":\"https:\\\/\\\/www.hotelfertelmaillot.com\\\/pt-br\\\/\",\"name\":\"H\u00f4tel Fertel Maillot Paris\",\"description\":\"\",\"potentialAction\":[{\"@type\":\"SearchAction\",\"target\":{\"@type\":\"EntryPoint\",\"urlTemplate\":\"https:\\\/\\\/www.hotelfertelmaillot.com\\\/pt-br\\\/?s={search_term_string}\"},\"query-input\":{\"@type\":\"PropertyValueSpecification\",\"valueRequired\":true,\"valueName\":\"search_term_string\"}}],\"inLanguage\":\"pt-BR\"}]}<\/script>\n<!-- \/ Yoast SEO plugin. -->","yoast_head_json":{"title":"Hotel Fertel Maillot Paris - Site Oficial - Palais des Congres Paris","description":"Descubra o site oficial do Hotel Fertel Maillot, um hotel de 3 estrelas perto de Porte Maillot e do Palais des Congres em Paris.","robots":{"index":"index","follow":"follow","max-snippet":"max-snippet:-1","max-image-preview":"max-image-preview:large","max-video-preview":"max-video-preview:-1"},"canonical":"https:\/\/www.hotelfertelmaillot.com\/pt-br\/lacalizacao-hotel-fertel-maillot-paris\/","og_locale":"pt_BR","og_type":"article","og_title":"Hotel Fertel Maillot Paris - Site Oficial - Palais des Congres Paris","og_description":"Descubra o site oficial do Hotel Fertel Maillot, um hotel de 3 estrelas perto de Porte Maillot e do Palais des Congres em Paris.","og_url":"https:\/\/www.hotelfertelmaillot.com\/pt-br\/lacalizacao-hotel-fertel-maillot-paris\/","og_site_name":"H\u00f4tel Fertel Maillot Paris","article_modified_time":"2026-02-09T13:26:35+00:00","twitter_card":"summary_large_image","twitter_misc":{"Est. tempo de leitura":"2 minutos"},"schema":{"@context":"https:\/\/schema.org","@graph":[{"@type":"WebPage","@id":"https:\/\/www.hotelfertelmaillot.com\/pt-br\/lacalizacao-hotel-fertel-maillot-paris\/","url":"https:\/\/www.hotelfertelmaillot.com\/pt-br\/lacalizacao-hotel-fertel-maillot-paris\/","name":"Hotel Fertel Maillot Paris - Site Oficial - Palais des Congres Paris","isPartOf":{"@id":"https:\/\/www.hotelfertelmaillot.com\/pt-br\/#website"},"datePublished":"2023-05-28T14:49:59+00:00","dateModified":"2026-02-09T13:26:35+00:00","description":"Descubra o site oficial do Hotel Fertel Maillot, um hotel de 3 estrelas perto de Porte Maillot e do Palais des Congres em Paris.","breadcrumb":{"@id":"https:\/\/www.hotelfertelmaillot.com\/pt-br\/lacalizacao-hotel-fertel-maillot-paris\/#breadcrumb"},"inLanguage":"pt-BR","potentialAction":[{"@type":"ReadAction","target":["https:\/\/www.hotelfertelmaillot.com\/pt-br\/lacalizacao-hotel-fertel-maillot-paris\/"]}]},{"@type":"BreadcrumbList","@id":"https:\/\/www.hotelfertelmaillot.com\/pt-br\/lacalizacao-hotel-fertel-maillot-paris\/#breadcrumb","itemListElement":[{"@type":"ListItem","position":1,"name":"Accueil","item":"https:\/\/www.hotelfertelmaillot.com\/pt-br\/hotel\/"},{"@type":"ListItem","position":2,"name":"Situation"}]},{"@type":"WebSite","@id":"https:\/\/www.hotelfertelmaillot.com\/pt-br\/#website","url":"https:\/\/www.hotelfertelmaillot.com\/pt-br\/","name":"H\u00f4tel Fertel Maillot Paris","description":"","potentialAction":[{"@type":"SearchAction","target":{"@type":"EntryPoint","urlTemplate":"https:\/\/www.hotelfertelmaillot.com\/pt-br\/?s={search_term_string}"},"query-input":{"@type":"PropertyValueSpecification","valueRequired":true,"valueName":"search_term_string"}}],"inLanguage":"pt-BR"}]}},"_links":{"self":[{"href":"https:\/\/www.hotelfertelmaillot.com\/pt-br\/wp-json\/wp\/v2\/pages\/340","targetHints":{"allow":["GET"]}}],"collection":[{"href":"https:\/\/www.hotelfertelmaillot.com\/pt-br\/wp-json\/wp\/v2\/pages"}],"about":[{"href":"https:\/\/www.hotelfertelmaillot.com\/pt-br\/wp-json\/wp\/v2\/types\/page"}],"author":[{"embeddable":true,"href":"https:\/\/www.hotelfertelmaillot.com\/pt-br\/wp-json\/wp\/v2\/users\/1"}],"replies":[{"embeddable":true,"href":"https:\/\/www.hotelfertelmaillot.com\/pt-br\/wp-json\/wp\/v2\/comments?post=340"}],"version-history":[{"count":7,"href":"https:\/\/www.hotelfertelmaillot.com\/pt-br\/wp-json\/wp\/v2\/pages\/340\/revisions"}],"predecessor-version":[{"id":448,"href":"https:\/\/www.hotelfertelmaillot.com\/pt-br\/wp-json\/wp\/v2\/pages\/340\/revisions\/448"}],"wp:attachment":[{"href":"https:\/\/www.hotelfertelmaillot.com\/pt-br\/wp-json\/wp\/v2\/media?parent=340"}],"curies":[{"name":"wp","href":"https:\/\/api.w.org\/{rel}","templated":true}]}}