{"id":334,"date":"2023-05-24T11:23:33","date_gmt":"2023-05-24T09:23:33","guid":{"rendered":"https:\/\/www.hotelfertelmaillot.com\/new\/chambres-hotel-fertel-maillot-paris\/"},"modified":"2023-07-07T10:01:48","modified_gmt":"2023-07-07T08:01:48","slug":"quartoss-hotel-fertel-maillot-paris","status":"publish","type":"page","link":"https:\/\/www.hotelfertelmaillot.com\/pt-br\/quartoss-hotel-fertel-maillot-paris\/","title":{"rendered":"Chambres"},"content":{"rendered":"\n\t<section class=\"section\" id=\"section_461590988\">\n\t\t<div class=\"bg section-bg fill bg-fill  \" >\n\n\t\t\t\n\t\t\t\n\t\t\t\n\n\t\t<\/div>\n\n\t\t\n\n\t\t<div class=\"section-content relative\">\n\t\t\t\n\n\n\t\t<\/div>\n\n\t\t\n<style>\n#section_461590988 {\n  padding-top: 0px;\n  padding-bottom: 0px;\n  min-height: 300px;\n}\n#section_461590988 .section-bg.bg-loaded {\n  background-image: url(https:\/\/www.hotelfertelmaillot.com\/wp-content\/uploads\/2023\/04\/hotel-fertel-maillot-paris-115.jpg);\n}\n#section_461590988 .ux-shape-divider--top svg {\n  height: 150px;\n  --divider-top-width: 100%;\n}\n#section_461590988 .ux-shape-divider--bottom svg {\n  height: 150px;\n  --divider-width: 100%;\n}\n@media (min-width:550px) {\n  #section_461590988 {\n    min-height: 400px;\n  }\n}\n<\/style>\n\t<\/section>\n\t\n\t<section class=\"section\" id=\"section_1969843692\">\n\t\t<div class=\"bg section-bg fill bg-fill  bg-loaded\" >\n\n\t\t\t\n\t\t\t\n\t\t\t\n\n\t\t<\/div>\n\n\t\t\n\n\t\t<div class=\"section-content relative\">\n\t\t\t\n\n<div class=\"row\"  id=\"row-1546919065\">\n\n\n\t<div id=\"col-884619698\" class=\"col small-12 large-12\"  data-animate=\"fadeInUp\">\n\t\t\t\t<div class=\"col-inner\"  >\n\t\t\t\n\t\t\t\n\n<h1 style=\"text-align: center;\">OS QUARTOS DO HOTEL FERTEL MAILLOT<\/h1>\n<p style=\"text-align: center;\">Voc\u00ea encontrar\u00e1 uma harmonia de conforto e requinte em nossos 35 quartos equipados para seu maior prazer:<\/p>\n\n\t\t<\/div>\n\t\t\t\t\t<\/div>\n\n\t\n\n<\/div>\n\n\t\t<\/div>\n\n\t\t\n<style>\n#section_1969843692 {\n  padding-top: 30px;\n  padding-bottom: 30px;\n}\n#section_1969843692 .ux-shape-divider--top svg {\n  height: 150px;\n  --divider-top-width: 100%;\n}\n#section_1969843692 .ux-shape-divider--bottom svg {\n  height: 150px;\n  --divider-width: 100%;\n}\n<\/style>\n\t<\/section>\n\t\n\t<section class=\"section\" id=\"section_972164532\">\n\t\t<div class=\"bg section-bg fill bg-fill  bg-loaded\" >\n\n\t\t\t\n\t\t\t\n\t\t\t\n\n\t\t<\/div>\n\n\t\t\n\n\t\t<div class=\"section-content relative\">\n\t\t\t\n\n<div class=\"row row-full-width align-center\"  id=\"row-371777282\">\n\n\n\t<div id=\"col-574178476\" class=\"col medium-6 small-12 large-4\"  data-animate=\"fadeInUp\">\n\t\t\t\t<div class=\"col-inner\"  >\n\t\t\t\n\t\t\t\n\n\t<div class=\"box has-hover   has-hover box-shadow-3 box-text-bottom\" >\n\n\t\t<div class=\"box-image\" >\n\t\t\t<a href=\"https:\/\/www.hotelfertelmaillot.com\/pt-br\/quarto-de-solteiro-hotel-fertel-maillot-paris\/\"  >\t\t\t<div class=\"image-zoom-fade\" >\n\t\t\t\t<img decoding=\"async\" width=\"2000\" height=\"1333\" src=\"https:\/\/www.hotelfertelmaillot.com\/wp-content\/uploads\/2023\/04\/hotel-fertel-maillot-paris-114.jpg\" class=\"attachment- size-\" alt=\"\" srcset=\"https:\/\/www.hotelfertelmaillot.com\/wp-content\/uploads\/2023\/04\/hotel-fertel-maillot-paris-114.jpg 2000w, https:\/\/www.hotelfertelmaillot.com\/wp-content\/uploads\/2023\/04\/hotel-fertel-maillot-paris-114-300x200.jpg 300w, https:\/\/www.hotelfertelmaillot.com\/wp-content\/uploads\/2023\/04\/hotel-fertel-maillot-paris-114-1024x682.jpg 1024w, https:\/\/www.hotelfertelmaillot.com\/wp-content\/uploads\/2023\/04\/hotel-fertel-maillot-paris-114-768x512.jpg 768w, https:\/\/www.hotelfertelmaillot.com\/wp-content\/uploads\/2023\/04\/hotel-fertel-maillot-paris-114-1536x1024.jpg 1536w\" sizes=\"(max-width: 2000px) 100vw, 2000px\" \/>\t\t\t\t\t\t\t\t\t\t\t<\/div>\n\t\t\t<\/a>\t\t<\/div>\n\n\t\t<div class=\"box-text text-center\" >\n\t\t\t<div class=\"box-text-inner\">\n\t\t\t\t\n\n<h4>INDIVIDUAL<\/h4>\n<p>1 pessoa &#8211; 12 m\u00b2<\/p>\n\n<a href=\"https:\/\/www.hotelfertelmaillot.com\/pt-br\/quarto-de-solteiro-hotel-fertel-maillot-paris\/\" target=\"_self\" class=\"button primary is-underline lowercase\"  >\n    <span>Saber mais<\/span>\n  <\/a>\n\n\n\n\t\t\t<\/div>\n\t\t<\/div>\n\t<\/div>\n\t\n\n\t\t<\/div>\n\t\t\t\t\t<\/div>\n\n\t\n\n\t<div id=\"col-895634914\" class=\"col medium-6 small-12 large-4\"  data-animate=\"fadeInUp\">\n\t\t\t\t<div class=\"col-inner\"  >\n\t\t\t\n\t\t\t\n\n\t<div class=\"box has-hover   has-hover box-shadow-3 box-text-bottom\" >\n\n\t\t<div class=\"box-image\" >\n\t\t\t<a href=\"https:\/\/www.hotelfertelmaillot.com\/pt-br\/quarto-twiin-hotel-fertel-maillot-paris\/\"  >\t\t\t<div class=\"image-zoom-fade\" >\n\t\t\t\t<img decoding=\"async\" width=\"2000\" height=\"1333\" src=\"https:\/\/www.hotelfertelmaillot.com\/wp-content\/uploads\/2023\/04\/hotel-fertel-maillot-paris-112.jpg\" class=\"attachment- size-\" alt=\"\" srcset=\"https:\/\/www.hotelfertelmaillot.com\/wp-content\/uploads\/2023\/04\/hotel-fertel-maillot-paris-112.jpg 2000w, https:\/\/www.hotelfertelmaillot.com\/wp-content\/uploads\/2023\/04\/hotel-fertel-maillot-paris-112-300x200.jpg 300w, https:\/\/www.hotelfertelmaillot.com\/wp-content\/uploads\/2023\/04\/hotel-fertel-maillot-paris-112-1024x682.jpg 1024w, https:\/\/www.hotelfertelmaillot.com\/wp-content\/uploads\/2023\/04\/hotel-fertel-maillot-paris-112-768x512.jpg 768w, https:\/\/www.hotelfertelmaillot.com\/wp-content\/uploads\/2023\/04\/hotel-fertel-maillot-paris-112-1536x1024.jpg 1536w\" sizes=\"(max-width: 2000px) 100vw, 2000px\" \/>\t\t\t\t\t\t\t\t\t\t\t<\/div>\n\t\t\t<\/a>\t\t<\/div>\n\n\t\t<div class=\"box-text text-center\" >\n\t\t\t<div class=\"box-text-inner\">\n\t\t\t\t\n\n<h4>TWIN<\/h4>\n<p>2 pessoas &#8211; 13 m\u00b2 &#8211; 2 x Camas de solteiro<\/p>\n\n<a href=\"https:\/\/www.hotelfertelmaillot.com\/pt-br\/quarto-twiin-hotel-fertel-maillot-paris\/\" target=\"_self\" class=\"button primary is-underline lowercase\"  >\n    <span>Saber mais<\/span>\n  <\/a>\n\n\n\n\t\t\t<\/div>\n\t\t<\/div>\n\t<\/div>\n\t\n\n\t\t<\/div>\n\t\t\t\t\t<\/div>\n\n\t\n\n\t<div id=\"col-1376297450\" class=\"col medium-6 small-12 large-4\"  data-animate=\"fadeInUp\">\n\t\t\t\t<div class=\"col-inner\"  >\n\t\t\t\n\t\t\t\n\n\t<div class=\"box has-hover   has-hover box-shadow-3 box-text-bottom\" >\n\n\t\t<div class=\"box-image\" >\n\t\t\t<a href=\"https:\/\/www.hotelfertelmaillot.com\/pt-br\/quarto-duplo-hotel-fertel-maillot-paris\/\"  >\t\t\t<div class=\"image-zoom-fade\" >\n\t\t\t\t<img decoding=\"async\" width=\"2000\" height=\"1333\" src=\"https:\/\/www.hotelfertelmaillot.com\/wp-content\/uploads\/2023\/04\/hotel-fertel-maillot-paris-117.jpg\" class=\"attachment- size-\" alt=\"\" srcset=\"https:\/\/www.hotelfertelmaillot.com\/wp-content\/uploads\/2023\/04\/hotel-fertel-maillot-paris-117.jpg 2000w, https:\/\/www.hotelfertelmaillot.com\/wp-content\/uploads\/2023\/04\/hotel-fertel-maillot-paris-117-300x200.jpg 300w, https:\/\/www.hotelfertelmaillot.com\/wp-content\/uploads\/2023\/04\/hotel-fertel-maillot-paris-117-1024x682.jpg 1024w, https:\/\/www.hotelfertelmaillot.com\/wp-content\/uploads\/2023\/04\/hotel-fertel-maillot-paris-117-768x512.jpg 768w, https:\/\/www.hotelfertelmaillot.com\/wp-content\/uploads\/2023\/04\/hotel-fertel-maillot-paris-117-1536x1024.jpg 1536w\" sizes=\"(max-width: 2000px) 100vw, 2000px\" \/>\t\t\t\t\t\t\t\t\t\t\t<\/div>\n\t\t\t<\/a>\t\t<\/div>\n\n\t\t<div class=\"box-text text-center\" >\n\t\t\t<div class=\"box-text-inner\">\n\t\t\t\t\n\n<h4>DUPLO<\/h4>\n<p>2 pessoas &#8211; 13 m\u00b2 &#8211; 1 cama de casal<\/p>\n<a href=\"https:\/\/www.hotelfertelmaillot.com\/chambre-double-hotel-fertel-maillot-paris\/\" target=\"_self\" class=\"button primary is-underline lowercase\"  >\n    <span>Saber mais<\/span>\n  <\/a>\n\n\n\n\t\t\t<\/div>\n\t\t<\/div>\n\t<\/div>\n\t\n\n\t\t<\/div>\n\t\t\t\t\t<\/div>\n\n\t\n\n<\/div>\n\n\t\t<\/div>\n\n\t\t\n<style>\n#section_972164532 {\n  padding-top: 0px;\n  padding-bottom: 0px;\n}\n#section_972164532 .ux-shape-divider--top svg {\n  height: 150px;\n  --divider-top-width: 100%;\n}\n#section_972164532 .ux-shape-divider--bottom svg {\n  height: 150px;\n  --divider-width: 100%;\n}\n<\/style>\n\t<\/section>\n\t\n\t<section class=\"section\" id=\"section_1840931084\">\n\t\t<div class=\"bg section-bg fill bg-fill  bg-loaded\" >\n\n\t\t\t\n\t\t\t\n\t\t\t\n\n\t\t<\/div>\n\n\t\t\n\n\t\t<div class=\"section-content relative\">\n\t\t\t\n\n<div class=\"row row-small\"  id=\"row-1239081115\">\n\n\n\t<div id=\"col-1484995578\" class=\"col medium-6 small-12 large-6\"  data-animate=\"fadeInUp\">\n\t\t\t\t<div class=\"col-inner\"  >\n\t\t\t\n\t\t\t\n\n<ul>\n<li>Ar condicionado<\/li>\n<li>Vidros duplos<\/li>\n<li>TV de tela plana com canais via sat\u00e9lite<\/li>\n<li>Banheiro com chuveiro ou banheira e secador de cabelo<\/li>\n<li>WIFI gr\u00e1tis em todo o hotel<\/li>\n<li>Os cofres est\u00e3o dispon\u00edveis na recep\u00e7\u00e3o.<\/li>\n<\/ul>\n\n\t\t<\/div>\n\t\t\t\t\t<\/div>\n\n\t\n\n\t<div id=\"col-957098880\" class=\"col medium-6 small-12 large-6\"  data-animate=\"fadeInUp\">\n\t\t\t\t<div class=\"col-inner\"  >\n\t\t\t\n\t\t\t\n\n<ul>\n<li>Servi\u00e7o de lavanderia a pedido<\/li>\n<li>Check-in: 14h<\/li>\n<li>Check-out: 11h<\/li>\n<li>Possibilidade de servi\u00e7o de bagagem<\/li>\n<li>Pequenos animais de estima\u00e7\u00e3o s\u00e3o permitidos<\/li>\n<li>Hotel acess\u00edvel para pessoas com defici\u00eancia<\/li>\n<\/ul>\n\n\t\t<\/div>\n\t\t\t\t\t<\/div>\n\n\t\n\n<\/div>\n\n\t\t<\/div>\n\n\t\t\n<style>\n#section_1840931084 {\n  padding-top: 30px;\n  padding-bottom: 30px;\n}\n#section_1840931084 .ux-shape-divider--top svg {\n  height: 150px;\n  --divider-top-width: 100%;\n}\n#section_1840931084 .ux-shape-divider--bottom svg {\n  height: 150px;\n  --divider-width: 100%;\n}\n<\/style>\n\t<\/section>\n\t\n\n","protected":false},"excerpt":{"rendered":"","protected":false},"author":1,"featured_media":0,"parent":0,"menu_order":0,"comment_status":"closed","ping_status":"closed","template":"page-blank.php","meta":{"footnotes":""},"class_list":["post-334","page","type-page","status-publish","hentry"],"yoast_head":"<!-- This site is optimized with the Yoast SEO plugin v27.3 - https:\/\/yoast.com\/product\/yoast-seo-wordpress\/ -->\n<title>Os quartos do Hotel Fertel Maillot Paris - Palais des Congr\u00e9s<\/title>\n<meta name=\"description\" content=\"Os quartos do hotel Fertel Maillot, conforto e requinte para os nossos 35 quartos equipados para o seu maior prazer.\" \/>\n<meta name=\"robots\" content=\"index, follow, max-snippet:-1, max-image-preview:large, max-video-preview:-1\" \/>\n<link rel=\"canonical\" href=\"https:\/\/www.hotelfertelmaillot.com\/pt-br\/quartoss-hotel-fertel-maillot-paris\/\" \/>\n<meta property=\"og:locale\" content=\"pt_BR\" \/>\n<meta property=\"og:type\" content=\"article\" \/>\n<meta property=\"og:title\" content=\"Os quartos do Hotel Fertel Maillot Paris - Palais des Congr\u00e9s\" \/>\n<meta property=\"og:description\" content=\"Os quartos do hotel Fertel Maillot, conforto e requinte para os nossos 35 quartos equipados para o seu maior prazer.\" \/>\n<meta property=\"og:url\" content=\"https:\/\/www.hotelfertelmaillot.com\/pt-br\/quartoss-hotel-fertel-maillot-paris\/\" \/>\n<meta property=\"og:site_name\" content=\"H\u00f4tel Fertel Maillot Paris\" \/>\n<meta property=\"article:modified_time\" content=\"2023-07-07T08:01:48+00:00\" \/>\n<meta name=\"twitter:card\" content=\"summary_large_image\" \/>\n<meta name=\"twitter:label1\" content=\"Est. tempo de leitura\" \/>\n\t<meta name=\"twitter:data1\" content=\"2 minutos\" \/>\n<script type=\"application\/ld+json\" class=\"yoast-schema-graph\">{\"@context\":\"https:\\\/\\\/schema.org\",\"@graph\":[{\"@type\":\"WebPage\",\"@id\":\"https:\\\/\\\/www.hotelfertelmaillot.com\\\/pt-br\\\/quartoss-hotel-fertel-maillot-paris\\\/\",\"url\":\"https:\\\/\\\/www.hotelfertelmaillot.com\\\/pt-br\\\/quartoss-hotel-fertel-maillot-paris\\\/\",\"name\":\"Os quartos do Hotel Fertel Maillot Paris - Palais des Congr\u00e9s\",\"isPartOf\":{\"@id\":\"https:\\\/\\\/www.hotelfertelmaillot.com\\\/pt-br\\\/#website\"},\"datePublished\":\"2023-05-24T09:23:33+00:00\",\"dateModified\":\"2023-07-07T08:01:48+00:00\",\"description\":\"Os quartos do hotel Fertel Maillot, conforto e requinte para os nossos 35 quartos equipados para o seu maior prazer.\",\"breadcrumb\":{\"@id\":\"https:\\\/\\\/www.hotelfertelmaillot.com\\\/pt-br\\\/quartoss-hotel-fertel-maillot-paris\\\/#breadcrumb\"},\"inLanguage\":\"pt-BR\",\"potentialAction\":[{\"@type\":\"ReadAction\",\"target\":[\"https:\\\/\\\/www.hotelfertelmaillot.com\\\/pt-br\\\/quartoss-hotel-fertel-maillot-paris\\\/\"]}]},{\"@type\":\"BreadcrumbList\",\"@id\":\"https:\\\/\\\/www.hotelfertelmaillot.com\\\/pt-br\\\/quartoss-hotel-fertel-maillot-paris\\\/#breadcrumb\",\"itemListElement\":[{\"@type\":\"ListItem\",\"position\":1,\"name\":\"Accueil\",\"item\":\"https:\\\/\\\/www.hotelfertelmaillot.com\\\/pt-br\\\/hotel\\\/\"},{\"@type\":\"ListItem\",\"position\":2,\"name\":\"Chambres\"}]},{\"@type\":\"WebSite\",\"@id\":\"https:\\\/\\\/www.hotelfertelmaillot.com\\\/pt-br\\\/#website\",\"url\":\"https:\\\/\\\/www.hotelfertelmaillot.com\\\/pt-br\\\/\",\"name\":\"H\u00f4tel Fertel Maillot Paris\",\"description\":\"\",\"potentialAction\":[{\"@type\":\"SearchAction\",\"target\":{\"@type\":\"EntryPoint\",\"urlTemplate\":\"https:\\\/\\\/www.hotelfertelmaillot.com\\\/pt-br\\\/?s={search_term_string}\"},\"query-input\":{\"@type\":\"PropertyValueSpecification\",\"valueRequired\":true,\"valueName\":\"search_term_string\"}}],\"inLanguage\":\"pt-BR\"}]}<\/script>\n<!-- \/ Yoast SEO plugin. -->","yoast_head_json":{"title":"Os quartos do Hotel Fertel Maillot Paris - Palais des Congr\u00e9s","description":"Os quartos do hotel Fertel Maillot, conforto e requinte para os nossos 35 quartos equipados para o seu maior prazer.","robots":{"index":"index","follow":"follow","max-snippet":"max-snippet:-1","max-image-preview":"max-image-preview:large","max-video-preview":"max-video-preview:-1"},"canonical":"https:\/\/www.hotelfertelmaillot.com\/pt-br\/quartoss-hotel-fertel-maillot-paris\/","og_locale":"pt_BR","og_type":"article","og_title":"Os quartos do Hotel Fertel Maillot Paris - Palais des Congr\u00e9s","og_description":"Os quartos do hotel Fertel Maillot, conforto e requinte para os nossos 35 quartos equipados para o seu maior prazer.","og_url":"https:\/\/www.hotelfertelmaillot.com\/pt-br\/quartoss-hotel-fertel-maillot-paris\/","og_site_name":"H\u00f4tel Fertel Maillot Paris","article_modified_time":"2023-07-07T08:01:48+00:00","twitter_card":"summary_large_image","twitter_misc":{"Est. tempo de leitura":"2 minutos"},"schema":{"@context":"https:\/\/schema.org","@graph":[{"@type":"WebPage","@id":"https:\/\/www.hotelfertelmaillot.com\/pt-br\/quartoss-hotel-fertel-maillot-paris\/","url":"https:\/\/www.hotelfertelmaillot.com\/pt-br\/quartoss-hotel-fertel-maillot-paris\/","name":"Os quartos do Hotel Fertel Maillot Paris - Palais des Congr\u00e9s","isPartOf":{"@id":"https:\/\/www.hotelfertelmaillot.com\/pt-br\/#website"},"datePublished":"2023-05-24T09:23:33+00:00","dateModified":"2023-07-07T08:01:48+00:00","description":"Os quartos do hotel Fertel Maillot, conforto e requinte para os nossos 35 quartos equipados para o seu maior prazer.","breadcrumb":{"@id":"https:\/\/www.hotelfertelmaillot.com\/pt-br\/quartoss-hotel-fertel-maillot-paris\/#breadcrumb"},"inLanguage":"pt-BR","potentialAction":[{"@type":"ReadAction","target":["https:\/\/www.hotelfertelmaillot.com\/pt-br\/quartoss-hotel-fertel-maillot-paris\/"]}]},{"@type":"BreadcrumbList","@id":"https:\/\/www.hotelfertelmaillot.com\/pt-br\/quartoss-hotel-fertel-maillot-paris\/#breadcrumb","itemListElement":[{"@type":"ListItem","position":1,"name":"Accueil","item":"https:\/\/www.hotelfertelmaillot.com\/pt-br\/hotel\/"},{"@type":"ListItem","position":2,"name":"Chambres"}]},{"@type":"WebSite","@id":"https:\/\/www.hotelfertelmaillot.com\/pt-br\/#website","url":"https:\/\/www.hotelfertelmaillot.com\/pt-br\/","name":"H\u00f4tel Fertel Maillot Paris","description":"","potentialAction":[{"@type":"SearchAction","target":{"@type":"EntryPoint","urlTemplate":"https:\/\/www.hotelfertelmaillot.com\/pt-br\/?s={search_term_string}"},"query-input":{"@type":"PropertyValueSpecification","valueRequired":true,"valueName":"search_term_string"}}],"inLanguage":"pt-BR"}]}},"_links":{"self":[{"href":"https:\/\/www.hotelfertelmaillot.com\/pt-br\/wp-json\/wp\/v2\/pages\/334","targetHints":{"allow":["GET"]}}],"collection":[{"href":"https:\/\/www.hotelfertelmaillot.com\/pt-br\/wp-json\/wp\/v2\/pages"}],"about":[{"href":"https:\/\/www.hotelfertelmaillot.com\/pt-br\/wp-json\/wp\/v2\/types\/page"}],"author":[{"embeddable":true,"href":"https:\/\/www.hotelfertelmaillot.com\/pt-br\/wp-json\/wp\/v2\/users\/1"}],"replies":[{"embeddable":true,"href":"https:\/\/www.hotelfertelmaillot.com\/pt-br\/wp-json\/wp\/v2\/comments?post=334"}],"version-history":[{"count":4,"href":"https:\/\/www.hotelfertelmaillot.com\/pt-br\/wp-json\/wp\/v2\/pages\/334\/revisions"}],"predecessor-version":[{"id":430,"href":"https:\/\/www.hotelfertelmaillot.com\/pt-br\/wp-json\/wp\/v2\/pages\/334\/revisions\/430"}],"wp:attachment":[{"href":"https:\/\/www.hotelfertelmaillot.com\/pt-br\/wp-json\/wp\/v2\/media?parent=334"}],"curies":[{"name":"wp","href":"https:\/\/api.w.org\/{rel}","templated":true}]}}