{"id":330,"date":"2023-05-28T11:16:40","date_gmt":"2023-05-28T09:16:40","guid":{"rendered":"https:\/\/www.hotelfertelmaillot.com\/new\/chambre-simple-hotel-fertel-maillot-paris\/"},"modified":"2023-07-07T10:02:07","modified_gmt":"2023-07-07T08:02:07","slug":"quarto-de-solteiro-hotel-fertel-maillot-paris","status":"publish","type":"page","link":"https:\/\/www.hotelfertelmaillot.com\/pt-br\/quarto-de-solteiro-hotel-fertel-maillot-paris\/","title":{"rendered":"Chambre simple"},"content":{"rendered":"\n\t<section class=\"section\" id=\"section_1231799793\">\n\t\t<div class=\"bg section-bg fill bg-fill  bg-loaded\" >\n\n\t\t\t\n\t\t\t\n\t\t\t\n\n\t\t<\/div>\n\n\t\t\n\n\t\t<div class=\"section-content relative\">\n\t\t\t\n\n<div class=\"slider-wrapper relative\" id=\"slider-2116645209\" >\n    <div class=\"slider slider-nav-circle slider-nav-large slider-nav-light slider-style-normal\"\n        data-flickity-options='{\n            \"cellAlign\": \"center\",\n            \"imagesLoaded\": true,\n            \"lazyLoad\": 1,\n            \"freeScroll\": false,\n            \"wrapAround\": true,\n            \"autoPlay\": 6000,\n            \"pauseAutoPlayOnHover\" : true,\n            \"prevNextButtons\": true,\n            \"contain\" : true,\n            \"adaptiveHeight\" : true,\n            \"dragThreshold\" : 10,\n            \"percentPosition\": true,\n            \"pageDots\": true,\n            \"rightToLeft\": false,\n            \"draggable\": true,\n            \"selectedAttraction\": 0.1,\n            \"parallax\" : 0,\n            \"friction\": 0.6        }'\n        >\n        \n\n\n  <div class=\"banner has-hover\" id=\"banner-1038550611\">\n          <div class=\"banner-inner fill\">\n        <div class=\"banner-bg fill\" >\n            <div class=\"bg fill bg-fill \"><\/div>\n                                    \n                    <\/div>\n\t\t\n        <div class=\"banner-layers container\">\n            <div class=\"fill banner-link\"><\/div>            \n\n   <div id=\"text-box-1641610182\" class=\"text-box banner-layer x50 md-x50 lg-x50 y50 md-y50 lg-y50 res-text\">\n                                <div class=\"text-box-content text dark\">\n              \n              <div class=\"text-inner text-center\">\n                  \n\n<h3 class=\"uppercase\"><strong><\/strong><\/h3>\n<p>&nbsp;<\/p>\n\n              <\/div>\n           <\/div>\n                            \n<style>\n#text-box-1641610182 {\n  width: 60%;\n}\n#text-box-1641610182 .text-box-content {\n  font-size: 100%;\n}\n<\/style>\n    <\/div>\n \n\n        <\/div>\n      <\/div>\n\n            \n<style>\n#banner-1038550611 {\n  padding-top: 56.25%;\n}\n#banner-1038550611 .bg.bg-loaded {\n  background-image: url(https:\/\/www.hotelfertelmaillot.com\/wp-content\/uploads\/2023\/04\/hotel-fertel-maillot-paris-114.jpg);\n}\n#banner-1038550611 .ux-shape-divider--top svg {\n  height: 150px;\n  --divider-top-width: 100%;\n}\n#banner-1038550611 .ux-shape-divider--bottom svg {\n  height: 150px;\n  --divider-width: 100%;\n}\n<\/style>\n  <\/div>\n\n\n\n  <div class=\"banner has-hover\" id=\"banner-1184736147\">\n          <div class=\"banner-inner fill\">\n        <div class=\"banner-bg fill\" >\n            <div class=\"bg fill bg-fill \"><\/div>\n                                    \n                    <\/div>\n\t\t\n        <div class=\"banner-layers container\">\n            <div class=\"fill banner-link\"><\/div>            \n\n   <div id=\"text-box-2122850510\" class=\"text-box banner-layer x50 md-x50 lg-x50 y50 md-y50 lg-y50 res-text\">\n                                <div class=\"text-box-content text dark\">\n              \n              <div class=\"text-inner text-center\">\n                  \n\n<h3 class=\"uppercase\"><strong><\/strong><\/h3>\n<p>&nbsp;<\/p>\n\n              <\/div>\n           <\/div>\n                            \n<style>\n#text-box-2122850510 {\n  width: 60%;\n}\n#text-box-2122850510 .text-box-content {\n  font-size: 100%;\n}\n<\/style>\n    <\/div>\n \n\n        <\/div>\n      <\/div>\n\n            \n<style>\n#banner-1184736147 {\n  padding-top: 56.25%;\n}\n#banner-1184736147 .bg.bg-loaded {\n  background-image: url(https:\/\/www.hotelfertelmaillot.com\/wp-content\/uploads\/2023\/04\/hotel-fertel-maillot-paris-120.jpg);\n}\n#banner-1184736147 .ux-shape-divider--top svg {\n  height: 150px;\n  --divider-top-width: 100%;\n}\n#banner-1184736147 .ux-shape-divider--bottom svg {\n  height: 150px;\n  --divider-width: 100%;\n}\n<\/style>\n  <\/div>\n\n\n\n     <\/div>\n\n     <div class=\"loading-spin dark large centered\"><\/div>\n\n     \t<\/div>\n\n\n\n\t\t<\/div>\n\n\t\t\n<style>\n#section_1231799793 {\n  padding-top: 0px;\n  padding-bottom: 0px;\n}\n#section_1231799793 .ux-shape-divider--top svg {\n  height: 150px;\n  --divider-top-width: 100%;\n}\n#section_1231799793 .ux-shape-divider--bottom svg {\n  height: 150px;\n  --divider-width: 100%;\n}\n<\/style>\n\t<\/section>\n\t\n<div class=\"row\"  id=\"row-582013909\">\n\n\n\t<div id=\"col-9713109\" class=\"col small-12 large-12\"  data-animate=\"fadeInUp\">\n\t\t\t\t<div class=\"col-inner text-center\"  >\n\t\t\t\n\t\t\t\n\n<h1 style=\"text-align: center;\">Quarto de solteiro (1 pessoa)<\/h1>\n<h2 style=\"text-align: center; font-weight:lighter;\"><\/h2>\n<p style=\"text-align: center;\">Encontrar\u00e1 uma harmonia de conforto e requinte nos nossos 35 quartos equipados para o seu maior prazer: ar condicionado, vidros duplos, TV de ecr\u00e3 plano, canais por sat\u00e9lite, casa de banho com banheira, cabelo secador. A conex\u00e3o WIFI \u00e9 gratuita e os cofres est\u00e3o dispon\u00edveis na recep\u00e7\u00e3o.<\/p>\n\n<a rel=\"noopener noreferrer\" href=\"https:\/\/www.secure-hotel-booking.com\/hotelFertel-Maillot\/232Z\/dateselection?language=PT\" target=\"_blank\" class=\"button primary is-link\"  >\n    <span>Reservar um quarto<\/span>\n  <\/a>\n\n\n\n\t\t<\/div>\n\t\t\t\t\t<\/div>\n\n\t\n\n<\/div>\n\t<section class=\"section\" id=\"section_2088309737\">\n\t\t<div class=\"bg section-bg fill bg-fill  \" >\n\n\t\t\t\n\t\t\t<div class=\"section-bg-overlay absolute fill\"><\/div>\n\t\t\t\n\n\t\t<\/div>\n\n\t\t\n\n\t\t<div class=\"section-content relative\">\n\t\t\t\n\n<div class=\"row row-collapse row-full-width align-middle\"  id=\"row-5463069\">\n\n\n\t<div id=\"col-630119311\" class=\"col medium-6 small-12 large-6\"  data-animate=\"fadeInLeft\">\n\t\t\t\t<div class=\"col-inner text-center\"  >\n\t\t\t\n\t\t\t\n\n<h2>Caf\u00e9 da manh\u00e3<\/h2>\n<p>Em uma sala decorada com um afresco mural original, ser\u00e1 servido um generoso caf\u00e9 da manh\u00e3 continental.<\/p>\n<a href=\"https:\/\/www.hotelfertelmaillot.com\/pt-br\/cafe-de-manha-hotel-fertel-maillot-paris\/\" target=\"_self\" class=\"button primary is-underline box-shadow-2 lowercase\"  >\n    <span>Saber mais<\/span>\n  <\/a>\n\n\n\n\t\t<\/div>\n\t\t\t\t\n<style>\n#col-630119311 > .col-inner {\n  padding: 10% 10% 10% 10%;\n  max-width: 520px;\n}\n<\/style>\n\t<\/div>\n\n\t\n\n\t<div id=\"col-2099958298\" class=\"col medium-6 small-12 large-6 small-col-first\"  data-animate=\"fadeInRight\">\n\t\t\t\t<div class=\"col-inner\"  >\n\t\t\t\n\t\t\t\n\n\t<div class=\"img has-hover x md-x lg-x y md-y lg-y\" id=\"image_309164818\">\n\t\t\t\t\t\t\t\t<div class=\"img-inner image-cover dark\" style=\"padding-top:56.25%;\">\n\t\t\t<img decoding=\"async\" width=\"1020\" height=\"680\" src=\"https:\/\/www.hotelfertelmaillot.com\/wp-content\/uploads\/2023\/04\/hotel-fertel-maillot-paris-14-1024x683.jpg\" class=\"attachment-large size-large\" alt=\"\" srcset=\"https:\/\/www.hotelfertelmaillot.com\/wp-content\/uploads\/2023\/04\/hotel-fertel-maillot-paris-14-1024x683.jpg 1024w, https:\/\/www.hotelfertelmaillot.com\/wp-content\/uploads\/2023\/04\/hotel-fertel-maillot-paris-14-300x200.jpg 300w, https:\/\/www.hotelfertelmaillot.com\/wp-content\/uploads\/2023\/04\/hotel-fertel-maillot-paris-14-768x512.jpg 768w, https:\/\/www.hotelfertelmaillot.com\/wp-content\/uploads\/2023\/04\/hotel-fertel-maillot-paris-14-1536x1024.jpg 1536w, https:\/\/www.hotelfertelmaillot.com\/wp-content\/uploads\/2023\/04\/hotel-fertel-maillot-paris-14.jpg 1920w\" sizes=\"(max-width: 1020px) 100vw, 1020px\" \/>\t\t\t\t\t\t\n\t\t\t\t\t<\/div>\n\t\t\t\t\t\t\t\t\n<style>\n#image_309164818 {\n  width: 100%;\n}\n<\/style>\n\t<\/div>\n\t\n\n\n\t\t<\/div>\n\t\t\t\t\t<\/div>\n\n\t\n\n<\/div>\n\n\t\t<\/div>\n\n\t\t\n<style>\n#section_2088309737 {\n  padding-top: 0px;\n  padding-bottom: 0px;\n  background-color: rgb(247, 247, 247);\n}\n#section_2088309737 .section-bg-overlay {\n  background-color: rgba(255, 255, 255, 0.85);\n}\n#section_2088309737 .section-bg.bg-loaded {\n  background-image: url(https:\/\/www.hotelfertelmaillot.com\/wp-content\/uploads\/2023\/04\/hotel-fertel-maillot-paris-19.jpg);\n}\n#section_2088309737 .ux-shape-divider--top svg {\n  height: 150px;\n  --divider-top-width: 100%;\n}\n#section_2088309737 .ux-shape-divider--bottom svg {\n  height: 150px;\n  --divider-width: 100%;\n}\n<\/style>\n\t<\/section>\n\t\n\n","protected":false},"excerpt":{"rendered":"","protected":false},"author":1,"featured_media":0,"parent":0,"menu_order":0,"comment_status":"closed","ping_status":"closed","template":"page-transparent-header.php","meta":{"footnotes":""},"class_list":["post-330","page","type-page","status-publish","hentry"],"yoast_head":"<!-- This site is optimized with the Yoast SEO plugin v27.3 - https:\/\/yoast.com\/product\/yoast-seo-wordpress\/ -->\n<title>Quarto de solteiro - Hotel Fertel Maillot Paris - Palais des Congr\u00e9s<\/title>\n<meta name=\"description\" content=\"Os quartos do hotel Fertel Maillot, conforto e requinte para os nossos 35 quartos equipados para o seu maior prazer.\" \/>\n<meta name=\"robots\" content=\"index, follow, max-snippet:-1, max-image-preview:large, max-video-preview:-1\" \/>\n<link rel=\"canonical\" href=\"https:\/\/www.hotelfertelmaillot.com\/pt-br\/quarto-de-solteiro-hotel-fertel-maillot-paris\/\" \/>\n<meta property=\"og:locale\" content=\"pt_BR\" \/>\n<meta property=\"og:type\" content=\"article\" \/>\n<meta property=\"og:title\" content=\"Quarto de solteiro - Hotel Fertel Maillot Paris - Palais des Congr\u00e9s\" \/>\n<meta property=\"og:description\" content=\"Os quartos do hotel Fertel Maillot, conforto e requinte para os nossos 35 quartos equipados para o seu maior prazer.\" \/>\n<meta property=\"og:url\" content=\"https:\/\/www.hotelfertelmaillot.com\/pt-br\/quarto-de-solteiro-hotel-fertel-maillot-paris\/\" \/>\n<meta property=\"og:site_name\" content=\"H\u00f4tel Fertel Maillot Paris\" \/>\n<meta property=\"article:modified_time\" content=\"2023-07-07T08:02:07+00:00\" \/>\n<meta name=\"twitter:card\" content=\"summary_large_image\" \/>\n<meta name=\"twitter:label1\" content=\"Est. tempo de leitura\" \/>\n\t<meta name=\"twitter:data1\" content=\"1 minuto\" \/>\n<script type=\"application\/ld+json\" class=\"yoast-schema-graph\">{\"@context\":\"https:\\\/\\\/schema.org\",\"@graph\":[{\"@type\":\"WebPage\",\"@id\":\"https:\\\/\\\/www.hotelfertelmaillot.com\\\/pt-br\\\/quarto-de-solteiro-hotel-fertel-maillot-paris\\\/\",\"url\":\"https:\\\/\\\/www.hotelfertelmaillot.com\\\/pt-br\\\/quarto-de-solteiro-hotel-fertel-maillot-paris\\\/\",\"name\":\"Quarto de solteiro - Hotel Fertel Maillot Paris - Palais des Congr\u00e9s\",\"isPartOf\":{\"@id\":\"https:\\\/\\\/www.hotelfertelmaillot.com\\\/pt-br\\\/#website\"},\"datePublished\":\"2023-05-28T09:16:40+00:00\",\"dateModified\":\"2023-07-07T08:02:07+00:00\",\"description\":\"Os quartos do hotel Fertel Maillot, conforto e requinte para os nossos 35 quartos equipados para o seu maior prazer.\",\"breadcrumb\":{\"@id\":\"https:\\\/\\\/www.hotelfertelmaillot.com\\\/pt-br\\\/quarto-de-solteiro-hotel-fertel-maillot-paris\\\/#breadcrumb\"},\"inLanguage\":\"pt-BR\",\"potentialAction\":[{\"@type\":\"ReadAction\",\"target\":[\"https:\\\/\\\/www.hotelfertelmaillot.com\\\/pt-br\\\/quarto-de-solteiro-hotel-fertel-maillot-paris\\\/\"]}]},{\"@type\":\"BreadcrumbList\",\"@id\":\"https:\\\/\\\/www.hotelfertelmaillot.com\\\/pt-br\\\/quarto-de-solteiro-hotel-fertel-maillot-paris\\\/#breadcrumb\",\"itemListElement\":[{\"@type\":\"ListItem\",\"position\":1,\"name\":\"Accueil\",\"item\":\"https:\\\/\\\/www.hotelfertelmaillot.com\\\/pt-br\\\/hotel\\\/\"},{\"@type\":\"ListItem\",\"position\":2,\"name\":\"Chambre simple\"}]},{\"@type\":\"WebSite\",\"@id\":\"https:\\\/\\\/www.hotelfertelmaillot.com\\\/pt-br\\\/#website\",\"url\":\"https:\\\/\\\/www.hotelfertelmaillot.com\\\/pt-br\\\/\",\"name\":\"H\u00f4tel Fertel Maillot Paris\",\"description\":\"\",\"potentialAction\":[{\"@type\":\"SearchAction\",\"target\":{\"@type\":\"EntryPoint\",\"urlTemplate\":\"https:\\\/\\\/www.hotelfertelmaillot.com\\\/pt-br\\\/?s={search_term_string}\"},\"query-input\":{\"@type\":\"PropertyValueSpecification\",\"valueRequired\":true,\"valueName\":\"search_term_string\"}}],\"inLanguage\":\"pt-BR\"}]}<\/script>\n<!-- \/ Yoast SEO plugin. -->","yoast_head_json":{"title":"Quarto de solteiro - Hotel Fertel Maillot Paris - Palais des Congr\u00e9s","description":"Os quartos do hotel Fertel Maillot, conforto e requinte para os nossos 35 quartos equipados para o seu maior prazer.","robots":{"index":"index","follow":"follow","max-snippet":"max-snippet:-1","max-image-preview":"max-image-preview:large","max-video-preview":"max-video-preview:-1"},"canonical":"https:\/\/www.hotelfertelmaillot.com\/pt-br\/quarto-de-solteiro-hotel-fertel-maillot-paris\/","og_locale":"pt_BR","og_type":"article","og_title":"Quarto de solteiro - Hotel Fertel Maillot Paris - Palais des Congr\u00e9s","og_description":"Os quartos do hotel Fertel Maillot, conforto e requinte para os nossos 35 quartos equipados para o seu maior prazer.","og_url":"https:\/\/www.hotelfertelmaillot.com\/pt-br\/quarto-de-solteiro-hotel-fertel-maillot-paris\/","og_site_name":"H\u00f4tel Fertel Maillot Paris","article_modified_time":"2023-07-07T08:02:07+00:00","twitter_card":"summary_large_image","twitter_misc":{"Est. tempo de leitura":"1 minuto"},"schema":{"@context":"https:\/\/schema.org","@graph":[{"@type":"WebPage","@id":"https:\/\/www.hotelfertelmaillot.com\/pt-br\/quarto-de-solteiro-hotel-fertel-maillot-paris\/","url":"https:\/\/www.hotelfertelmaillot.com\/pt-br\/quarto-de-solteiro-hotel-fertel-maillot-paris\/","name":"Quarto de solteiro - Hotel Fertel Maillot Paris - Palais des Congr\u00e9s","isPartOf":{"@id":"https:\/\/www.hotelfertelmaillot.com\/pt-br\/#website"},"datePublished":"2023-05-28T09:16:40+00:00","dateModified":"2023-07-07T08:02:07+00:00","description":"Os quartos do hotel Fertel Maillot, conforto e requinte para os nossos 35 quartos equipados para o seu maior prazer.","breadcrumb":{"@id":"https:\/\/www.hotelfertelmaillot.com\/pt-br\/quarto-de-solteiro-hotel-fertel-maillot-paris\/#breadcrumb"},"inLanguage":"pt-BR","potentialAction":[{"@type":"ReadAction","target":["https:\/\/www.hotelfertelmaillot.com\/pt-br\/quarto-de-solteiro-hotel-fertel-maillot-paris\/"]}]},{"@type":"BreadcrumbList","@id":"https:\/\/www.hotelfertelmaillot.com\/pt-br\/quarto-de-solteiro-hotel-fertel-maillot-paris\/#breadcrumb","itemListElement":[{"@type":"ListItem","position":1,"name":"Accueil","item":"https:\/\/www.hotelfertelmaillot.com\/pt-br\/hotel\/"},{"@type":"ListItem","position":2,"name":"Chambre simple"}]},{"@type":"WebSite","@id":"https:\/\/www.hotelfertelmaillot.com\/pt-br\/#website","url":"https:\/\/www.hotelfertelmaillot.com\/pt-br\/","name":"H\u00f4tel Fertel Maillot Paris","description":"","potentialAction":[{"@type":"SearchAction","target":{"@type":"EntryPoint","urlTemplate":"https:\/\/www.hotelfertelmaillot.com\/pt-br\/?s={search_term_string}"},"query-input":{"@type":"PropertyValueSpecification","valueRequired":true,"valueName":"search_term_string"}}],"inLanguage":"pt-BR"}]}},"_links":{"self":[{"href":"https:\/\/www.hotelfertelmaillot.com\/pt-br\/wp-json\/wp\/v2\/pages\/330","targetHints":{"allow":["GET"]}}],"collection":[{"href":"https:\/\/www.hotelfertelmaillot.com\/pt-br\/wp-json\/wp\/v2\/pages"}],"about":[{"href":"https:\/\/www.hotelfertelmaillot.com\/pt-br\/wp-json\/wp\/v2\/types\/page"}],"author":[{"embeddable":true,"href":"https:\/\/www.hotelfertelmaillot.com\/pt-br\/wp-json\/wp\/v2\/users\/1"}],"replies":[{"embeddable":true,"href":"https:\/\/www.hotelfertelmaillot.com\/pt-br\/wp-json\/wp\/v2\/comments?post=330"}],"version-history":[{"count":4,"href":"https:\/\/www.hotelfertelmaillot.com\/pt-br\/wp-json\/wp\/v2\/pages\/330\/revisions"}],"predecessor-version":[{"id":431,"href":"https:\/\/www.hotelfertelmaillot.com\/pt-br\/wp-json\/wp\/v2\/pages\/330\/revisions\/431"}],"wp:attachment":[{"href":"https:\/\/www.hotelfertelmaillot.com\/pt-br\/wp-json\/wp\/v2\/media?parent=330"}],"curies":[{"name":"wp","href":"https:\/\/api.w.org\/{rel}","templated":true}]}}