{"id":326,"date":"2023-04-25T14:19:30","date_gmt":"2023-04-25T12:19:30","guid":{"rendered":"https:\/\/www.hotelfertelmaillot.com\/new\/accueil\/"},"modified":"2023-06-21T20:37:27","modified_gmt":"2023-06-21T18:37:27","slug":"hotel","status":"publish","type":"page","link":"https:\/\/www.hotelfertelmaillot.com\/pt-br\/","title":{"rendered":"Accueil"},"content":{"rendered":"\n\t<section class=\"section\" id=\"section_838731416\">\n\t\t<div class=\"bg section-bg fill bg-fill  bg-loaded\" >\n\n\t\t\t\n\t\t\t\n\t\t\t\n\n\t\t<\/div>\n\n\t\t\n\n\t\t<div class=\"section-content relative\">\n\t\t\t\n\n<div class=\"slider-wrapper relative\" id=\"slider-1125101639\" >\n    <div class=\"slider slider-nav-circle slider-nav-large slider-nav-light slider-style-normal\"\n        data-flickity-options='{\n            \"cellAlign\": \"center\",\n            \"imagesLoaded\": true,\n            \"lazyLoad\": 1,\n            \"freeScroll\": false,\n            \"wrapAround\": true,\n            \"autoPlay\": 6000,\n            \"pauseAutoPlayOnHover\" : true,\n            \"prevNextButtons\": true,\n            \"contain\" : true,\n            \"adaptiveHeight\" : true,\n            \"dragThreshold\" : 10,\n            \"percentPosition\": true,\n            \"pageDots\": true,\n            \"rightToLeft\": false,\n            \"draggable\": true,\n            \"selectedAttraction\": 0.1,\n            \"parallax\" : 0,\n            \"friction\": 0.6        }'\n        >\n        \n\n\n  <div class=\"banner has-hover\" id=\"banner-615153819\">\n          <div class=\"banner-inner fill\">\n        <div class=\"banner-bg fill\" >\n            <div class=\"bg fill bg-fill \"><\/div>\n                                    \n                    <\/div>\n\t\t\n        <div class=\"banner-layers container\">\n            <div class=\"fill banner-link\"><\/div>            \n\n   <div id=\"text-box-1576227486\" class=\"text-box banner-layer x50 md-x50 lg-x50 y50 md-y50 lg-y50 res-text\">\n                                <div class=\"text-box-content text dark\">\n              \n              <div class=\"text-inner text-center\">\n                  \n\n<h3 class=\"uppercase\"><strong><\/strong><\/h3>\n<p>&nbsp;<\/p>\n\n              <\/div>\n           <\/div>\n                            \n<style>\n#text-box-1576227486 {\n  width: 60%;\n}\n#text-box-1576227486 .text-box-content {\n  font-size: 100%;\n}\n<\/style>\n    <\/div>\n \n\n        <\/div>\n      <\/div>\n\n            \n<style>\n#banner-615153819 {\n  padding-top: 56.25%;\n}\n#banner-615153819 .bg.bg-loaded {\n  background-image: url(https:\/\/www.hotelfertelmaillot.com\/wp-content\/uploads\/2023\/04\/hotel-fertel-maillot-paris-6.jpg);\n}\n#banner-615153819 .ux-shape-divider--top svg {\n  height: 150px;\n  --divider-top-width: 100%;\n}\n#banner-615153819 .ux-shape-divider--bottom svg {\n  height: 150px;\n  --divider-width: 100%;\n}\n<\/style>\n  <\/div>\n\n\n\n  <div class=\"banner has-hover\" id=\"banner-1648383280\">\n          <div class=\"banner-inner fill\">\n        <div class=\"banner-bg fill\" >\n            <div class=\"bg fill bg-fill \"><\/div>\n                                    \n                    <\/div>\n\t\t\n        <div class=\"banner-layers container\">\n            <div class=\"fill banner-link\"><\/div>            \n\n   <div id=\"text-box-53338095\" class=\"text-box banner-layer x50 md-x50 lg-x50 y50 md-y50 lg-y50 res-text\">\n                                <div class=\"text-box-content text dark\">\n              \n              <div class=\"text-inner text-center\">\n                  \n\n<h3 class=\"uppercase\"><strong><\/strong><\/h3>\n<p>&nbsp;<\/p>\n\n              <\/div>\n           <\/div>\n                            \n<style>\n#text-box-53338095 {\n  width: 60%;\n}\n#text-box-53338095 .text-box-content {\n  font-size: 100%;\n}\n<\/style>\n    <\/div>\n \n\n        <\/div>\n      <\/div>\n\n            \n<style>\n#banner-1648383280 {\n  padding-top: 56.25%;\n}\n#banner-1648383280 .bg.bg-loaded {\n  background-image: url(https:\/\/www.hotelfertelmaillot.com\/wp-content\/uploads\/2023\/04\/hotel-fertel-maillot-paris-110.jpg);\n}\n#banner-1648383280 .ux-shape-divider--top svg {\n  height: 150px;\n  --divider-top-width: 100%;\n}\n#banner-1648383280 .ux-shape-divider--bottom svg {\n  height: 150px;\n  --divider-width: 100%;\n}\n<\/style>\n  <\/div>\n\n\n\n  <div class=\"banner has-hover\" id=\"banner-930979040\">\n          <div class=\"banner-inner fill\">\n        <div class=\"banner-bg fill\" >\n            <div class=\"bg fill bg-fill \"><\/div>\n                                    \n                    <\/div>\n\t\t\n        <div class=\"banner-layers container\">\n            <div class=\"fill banner-link\"><\/div>            \n\n   <div id=\"text-box-1423313587\" class=\"text-box banner-layer x50 md-x50 lg-x50 y50 md-y50 lg-y50 res-text\">\n                                <div class=\"text-box-content text dark\">\n              \n              <div class=\"text-inner text-center\">\n                  \n\n<h3 class=\"uppercase\"><strong><\/strong><\/h3>\n<p>&nbsp;<\/p>\n\n              <\/div>\n           <\/div>\n                            \n<style>\n#text-box-1423313587 {\n  width: 60%;\n}\n#text-box-1423313587 .text-box-content {\n  font-size: 100%;\n}\n<\/style>\n    <\/div>\n \n\n        <\/div>\n      <\/div>\n\n            \n<style>\n#banner-930979040 {\n  padding-top: 56.25%;\n}\n#banner-930979040 .bg.bg-loaded {\n  background-image: url(https:\/\/www.hotelfertelmaillot.com\/wp-content\/uploads\/2023\/04\/hotel-fertel-maillot-paris-19.jpg);\n}\n#banner-930979040 .ux-shape-divider--top svg {\n  height: 150px;\n  --divider-top-width: 100%;\n}\n#banner-930979040 .ux-shape-divider--bottom svg {\n  height: 150px;\n  --divider-width: 100%;\n}\n<\/style>\n  <\/div>\n\n\n\n     <\/div>\n\n     <div class=\"loading-spin dark large centered\"><\/div>\n\n     \t<\/div>\n\n\n\n\t\t<\/div>\n\n\t\t\n<style>\n#section_838731416 {\n  padding-top: 0px;\n  padding-bottom: 0px;\n}\n#section_838731416 .ux-shape-divider--top svg {\n  height: 150px;\n  --divider-top-width: 100%;\n}\n#section_838731416 .ux-shape-divider--bottom svg {\n  height: 150px;\n  --divider-width: 100%;\n}\n<\/style>\n\t<\/section>\n\t\n<div class=\"row\"  id=\"row-1288657797\">\n\n\n\t<div id=\"col-1851291610\" class=\"col small-12 large-12\"  data-animate=\"fadeInUp\">\n\t\t\t\t<div class=\"col-inner\"  >\n\t\t\t\n\t\t\t\n\n<h1 style=\"text-align: center;\">BEM-VINDO AO HOTEL FERTEL MAILLOT PARIS<\/h1>\n<p>O Hotel Fertel Maillot deseja-lhe as boas-vindas ao cora\u00e7\u00e3o do XVII\u00ba distrito parisiense. Situado em um bairro residencial tranquilo, nosso estabelecimento 3 estrelas desfruta de uma localiza\u00e7\u00e3o ideal, ao lado da Porte Maillot e do Palais des Congr\u00e8s.<\/p>\n<p>O Arco do Triunfo, os Champs-Elys\u00e9es e suas boutiques de luxo ficam a apenas alguns minutos a p\u00e9 de nosso hotel.<\/p>\n\n\t\t<\/div>\n\t\t\t\t\t<\/div>\n\n\t\n\n<\/div>\n\t<section class=\"section\" id=\"section_1200281075\">\n\t\t<div class=\"bg section-bg fill bg-fill  \" >\n\n\t\t\t\n\t\t\t<div class=\"section-bg-overlay absolute fill\"><\/div>\n\t\t\t\n\n\t\t<\/div>\n\n\t\t\n\n\t\t<div class=\"section-content relative\">\n\t\t\t\n\n<div class=\"row row-collapse row-full-width align-middle\"  id=\"row-432605047\">\n\n\n\t<div id=\"col-590402820\" class=\"col medium-6 small-12 large-6\"  data-animate=\"fadeInLeft\">\n\t\t\t\t<div class=\"col-inner text-center\"  >\n\t\t\t\n\t\t\t\n\n<h2>Nossos quartos<\/h2>\n<p>Encontrar\u00e1 uma harmonia de conforto e requinte nos nossos 35 quartos equipados para o seu maior prazer<\/p>\n<a href=\"https:\/\/www.hotelfertelmaillot.com\/pt-br\/quartoss-hotel-fertel-maillot-paris\/\" target=\"_self\" class=\"button primary is-outline box-shadow-2 lowercase\"  >\n    <span>Descobrir<\/span>\n  <\/a>\n\n\n\n\t\t<\/div>\n\t\t\t\t\n<style>\n#col-590402820 > .col-inner {\n  padding: 10% 10% 10% 10%;\n  max-width: 520px;\n}\n<\/style>\n\t<\/div>\n\n\t\n\n\t<div id=\"col-1343075668\" class=\"col medium-6 small-12 large-6 small-col-first\"  data-animate=\"fadeInRight\">\n\t\t\t\t<div class=\"col-inner\"  >\n\t\t\t\n\t\t\t\n\n\t<div class=\"img has-hover x md-x lg-x y md-y lg-y\" id=\"image_1609805992\">\n\t\t\t\t\t\t\t\t<div class=\"img-inner image-cover dark\" style=\"padding-top:56.25%;\">\n\t\t\t<img decoding=\"async\" width=\"1020\" height=\"679\" src=\"https:\/\/www.hotelfertelmaillot.com\/wp-content\/uploads\/2023\/04\/hotel-fertel-maillot-paris-121-1024x682.jpg\" class=\"attachment-large size-large\" alt=\"\" srcset=\"https:\/\/www.hotelfertelmaillot.com\/wp-content\/uploads\/2023\/04\/hotel-fertel-maillot-paris-121-1024x682.jpg 1024w, https:\/\/www.hotelfertelmaillot.com\/wp-content\/uploads\/2023\/04\/hotel-fertel-maillot-paris-121-300x200.jpg 300w, https:\/\/www.hotelfertelmaillot.com\/wp-content\/uploads\/2023\/04\/hotel-fertel-maillot-paris-121-768x512.jpg 768w, https:\/\/www.hotelfertelmaillot.com\/wp-content\/uploads\/2023\/04\/hotel-fertel-maillot-paris-121-1536x1024.jpg 1536w, https:\/\/www.hotelfertelmaillot.com\/wp-content\/uploads\/2023\/04\/hotel-fertel-maillot-paris-121.jpg 2000w\" sizes=\"(max-width: 1020px) 100vw, 1020px\" \/>\t\t\t\t\t\t\n\t\t\t\t\t<\/div>\n\t\t\t\t\t\t\t\t\n<style>\n#image_1609805992 {\n  width: 100%;\n}\n<\/style>\n\t<\/div>\n\t\n\n\n\t\t<\/div>\n\t\t\t\t\t<\/div>\n\n\t\n\n<\/div>\n\n\t\t<\/div>\n\n\t\t\n<style>\n#section_1200281075 {\n  padding-top: 0px;\n  padding-bottom: 0px;\n  background-color: rgb(247, 247, 247);\n}\n#section_1200281075 .section-bg-overlay {\n  background-color: rgba(255, 255, 255, 0.85);\n}\n#section_1200281075 .section-bg.bg-loaded {\n  background-image: url(https:\/\/www.hotelfertelmaillot.com\/wp-content\/uploads\/2023\/04\/hotel-fertel-maillot-paris-1.jpg);\n}\n#section_1200281075 .ux-shape-divider--top svg {\n  height: 150px;\n  --divider-top-width: 100%;\n}\n#section_1200281075 .ux-shape-divider--bottom svg {\n  height: 150px;\n  --divider-width: 100%;\n}\n<\/style>\n\t<\/section>\n\t\n\t<section class=\"section\" id=\"section_308744887\">\n\t\t<div class=\"bg section-bg fill bg-fill  \" >\n\n\t\t\t\n\t\t\t<div class=\"section-bg-overlay absolute fill\"><\/div>\n\t\t\t\n\n\t\t<\/div>\n\n\t\t\n\n\t\t<div class=\"section-content relative\">\n\t\t\t\n\n<div class=\"row row-collapse row-full-width align-middle\"  id=\"row-45593768\">\n\n\n\t<div id=\"col-973977367\" class=\"col medium-6 small-12 large-6\"  data-animate=\"fadeInRight\">\n\t\t\t\t<div class=\"col-inner\"  >\n\t\t\t\n\t\t\t\n\n\t<div class=\"img has-hover x md-x lg-x y md-y lg-y\" id=\"image_1158523204\">\n\t\t\t\t\t\t\t\t<div class=\"img-inner image-cover dark\" style=\"padding-top:56.25%;\">\n\t\t\t<img decoding=\"async\" width=\"1020\" height=\"680\" src=\"https:\/\/www.hotelfertelmaillot.com\/wp-content\/uploads\/2023\/04\/hotel-fertel-maillot-paris-19-1024x683.jpg\" class=\"attachment-large size-large\" alt=\"\" srcset=\"https:\/\/www.hotelfertelmaillot.com\/wp-content\/uploads\/2023\/04\/hotel-fertel-maillot-paris-19-1024x683.jpg 1024w, https:\/\/www.hotelfertelmaillot.com\/wp-content\/uploads\/2023\/04\/hotel-fertel-maillot-paris-19-300x200.jpg 300w, https:\/\/www.hotelfertelmaillot.com\/wp-content\/uploads\/2023\/04\/hotel-fertel-maillot-paris-19-768x512.jpg 768w, https:\/\/www.hotelfertelmaillot.com\/wp-content\/uploads\/2023\/04\/hotel-fertel-maillot-paris-19-1536x1024.jpg 1536w, https:\/\/www.hotelfertelmaillot.com\/wp-content\/uploads\/2023\/04\/hotel-fertel-maillot-paris-19.jpg 1920w\" sizes=\"(max-width: 1020px) 100vw, 1020px\" \/>\t\t\t\t\t\t\n\t\t\t\t\t<\/div>\n\t\t\t\t\t\t\t\t\n<style>\n#image_1158523204 {\n  width: 100%;\n}\n<\/style>\n\t<\/div>\n\t\n\n\n\t\t<\/div>\n\t\t\t\t\t<\/div>\n\n\t\n\n\t<div id=\"col-199922917\" class=\"col medium-6 small-12 large-6\"  data-animate=\"fadeInLeft\">\n\t\t\t\t<div class=\"col-inner text-center\"  >\n\t\t\t\n\t\t\t\n\n<h2>Caf\u00e9 da manh\u00e3<\/h2>\n<p>Em uma sala decorada com um afresco mural original, ser\u00e1 servido um generoso caf\u00e9 da manh\u00e3 continental.<\/p>\n<a href=\"https:\/\/www.hotelfertelmaillot.com\/pt-br\/cafe-de-manha-hotel-fertel-maillot-paris\/\" target=\"_self\" class=\"button primary is-outline box-shadow-2 lowercase\"  >\n    <span>Descobrir<\/span>\n  <\/a>\n\n\n\n\t\t<\/div>\n\t\t\t\t\n<style>\n#col-199922917 > .col-inner {\n  padding: 10% 10% 10% 10%;\n  max-width: 520px;\n}\n<\/style>\n\t<\/div>\n\n\t\n\n<\/div>\n\n\t\t<\/div>\n\n\t\t\n<style>\n#section_308744887 {\n  padding-top: 0px;\n  padding-bottom: 0px;\n  background-color: rgb(247, 247, 247);\n}\n#section_308744887 .section-bg-overlay {\n  background-color: rgba(255, 255, 255, 0.85);\n}\n#section_308744887 .section-bg.bg-loaded {\n  background-image: url(https:\/\/www.hotelfertelmaillot.com\/wp-content\/uploads\/2023\/04\/hotel-fertel-maillot-paris-19.jpg);\n}\n#section_308744887 .ux-shape-divider--top svg {\n  height: 150px;\n  --divider-top-width: 100%;\n}\n#section_308744887 .ux-shape-divider--bottom svg {\n  height: 150px;\n  --divider-width: 100%;\n}\n<\/style>\n\t<\/section>\n\t\n\t<section class=\"section\" id=\"section_2096354225\">\n\t\t<div class=\"bg section-bg fill bg-fill  \" >\n\n\t\t\t\n\t\t\t<div class=\"section-bg-overlay absolute fill\"><\/div>\n\t\t\t\n\n\t\t<\/div>\n\n\t\t\n\n\t\t<div class=\"section-content relative\">\n\t\t\t\n\n<div class=\"row row-collapse row-full-width align-middle\"  id=\"row-543859565\">\n\n\n\t<div id=\"col-1135337586\" class=\"col medium-6 small-12 large-6\"  data-animate=\"fadeInLeft\">\n\t\t\t\t<div class=\"col-inner text-center\"  >\n\t\t\t\n\t\t\t\n\n<h2>Localiza\u00e7\u00e3o<\/h2>\n<p>Um hotel de charme a dois passos do Palais des Congr\u00e8s e a poucos minutos dos Campos El\u00edsios e do Arco do Triunfo!<\/p>\n<a href=\"https:\/\/www.hotelfertelmaillot.com\/pt-br\/lacalizacao-hotel-fertel-maillot-paris\/\" target=\"_self\" class=\"button primary is-outline box-shadow-2 lowercase\"  >\n    <span>Descobrir<\/span>\n  <\/a>\n\n\n\n\t\t<\/div>\n\t\t\t\t\n<style>\n#col-1135337586 > .col-inner {\n  padding: 10% 10% 10% 10%;\n  max-width: 520px;\n}\n<\/style>\n\t<\/div>\n\n\t\n\n\t<div id=\"col-61383106\" class=\"col medium-6 small-12 large-6 small-col-first\"  data-animate=\"fadeInRight\">\n\t\t\t\t<div class=\"col-inner\"  >\n\t\t\t\n\t\t\t\n\n\t<div class=\"img has-hover x md-x lg-x y md-y lg-y\" id=\"image_331448594\">\n\t\t\t\t\t\t\t\t<div class=\"img-inner image-cover dark\" style=\"padding-top:56.25%;\">\n\t\t\t<img decoding=\"async\" width=\"1020\" height=\"391\" src=\"https:\/\/www.hotelfertelmaillot.com\/wp-content\/uploads\/2023\/05\/hotel-fertel-maillot-paris-2-1024x393.jpg\" class=\"attachment-large size-large\" alt=\"H\u00f4tel Fertel Maillot Paris\" srcset=\"https:\/\/www.hotelfertelmaillot.com\/wp-content\/uploads\/2023\/05\/hotel-fertel-maillot-paris-2-1024x393.jpg 1024w, https:\/\/www.hotelfertelmaillot.com\/wp-content\/uploads\/2023\/05\/hotel-fertel-maillot-paris-2-300x115.jpg 300w, https:\/\/www.hotelfertelmaillot.com\/wp-content\/uploads\/2023\/05\/hotel-fertel-maillot-paris-2-768x294.jpg 768w, https:\/\/www.hotelfertelmaillot.com\/wp-content\/uploads\/2023\/05\/hotel-fertel-maillot-paris-2.jpg 1200w\" sizes=\"(max-width: 1020px) 100vw, 1020px\" \/>\t\t\t\t\t\t\n\t\t\t\t\t<\/div>\n\t\t\t\t\t\t\t\t\n<style>\n#image_331448594 {\n  width: 100%;\n}\n<\/style>\n\t<\/div>\n\t\n\n\n\t\t<\/div>\n\t\t\t\t\t<\/div>\n\n\t\n\n<\/div>\n\n\t\t<\/div>\n\n\t\t\n<style>\n#section_2096354225 {\n  padding-top: 0px;\n  padding-bottom: 0px;\n  background-color: rgb(247, 247, 247);\n}\n#section_2096354225 .section-bg-overlay {\n  background-color: rgba(255, 255, 255, 0.85);\n}\n#section_2096354225 .section-bg.bg-loaded {\n  background-image: url(https:\/\/www.hotelfertelmaillot.com\/wp-content\/uploads\/2023\/04\/hotel-fertel-maillot-paris-5.jpg);\n}\n#section_2096354225 .ux-shape-divider--top svg {\n  height: 150px;\n  --divider-top-width: 100%;\n}\n#section_2096354225 .ux-shape-divider--bottom svg {\n  height: 150px;\n  --divider-width: 100%;\n}\n<\/style>\n\t<\/section>\n\t\n\t<section class=\"section\" id=\"section_448284858\">\n\t\t<div class=\"bg section-bg fill bg-fill  bg-loaded\" >\n\n\t\t\t\n\t\t\t\n\t\t\t\n\n\t\t<\/div>\n\n\t\t\n\n\t\t<div class=\"section-content relative\">\n\t\t\t\n\n\n\n<iframe src=\"https:\/\/www.google.com\/maps\/embed?pb=!1m18!1m12!1m3!1d10495.812843326992!2d2.2765518697753904!3d48.878168500000015!2m3!1f0!2f0!3f0!3m2!1i1024!2i768!4f13.1!3m3!1m2!1s0x47e66f8cb07d1d0f%3A0xc25eb293320ad837!2s269%20Bd%20Pereire%2C%2075017%20Paris!5e0!3m2!1sfr!2sfr!4v1684211886336!5m2!1sfr!2sfr\" width=\"100%\" height=\"400\" style=\"border:0;\" allowfullscreen=\"\" loading=\"lazy\" referrerpolicy=\"no-referrer-when-downgrade\"><\/iframe>\n\n\n\t\t<\/div>\n\n\t\t\n<style>\n#section_448284858 {\n  padding-top: 0px;\n  padding-bottom: 0px;\n}\n#section_448284858 .ux-shape-divider--top svg {\n  height: 150px;\n  --divider-top-width: 100%;\n}\n#section_448284858 .ux-shape-divider--bottom svg {\n  height: 150px;\n  --divider-width: 100%;\n}\n<\/style>\n\t<\/section>\n\t\n\t<section class=\"section\" id=\"section_872804649\">\n\t\t<div class=\"bg section-bg fill bg-fill  bg-loaded\" >\n\n\t\t\t\n\t\t\t\n\t\t\t\n\n\t\t<\/div>\n\n\t\t\n\n\t\t<div class=\"section-content relative\">\n\t\t\t\n\n<div class=\"row row-small\"  id=\"row-1733443298\">\n\n\n\t<div id=\"col-72459058\" class=\"col small-12 large-12\"  data-animate=\"fadeInUp\">\n\t\t\t\t<div class=\"col-inner\"  >\n\t\t\t\n\t\t\t\n\n<p style=\"text-align: center;\">Em um ambiente acolhedor, nossa equipe o receber\u00e1 de maneira afetuosa e ficar\u00e1 \u00e0 sua disposi\u00e7\u00e3o durante toda a estadia. N\u00e3o hesite em solicitar nossa assist\u00eancia.<br \/>Idiomas falados no hotel: franc\u00eas, ingl\u00eas e, dependendo dos dias, italiano e espanhol.<br \/>Hotel totalmente para n\u00e3o-fumantes.<\/p>\n\n\t\t<\/div>\n\t\t\t\t\t<\/div>\n\n\t\n\n<\/div>\n\n\t\t<\/div>\n\n\t\t\n<style>\n#section_872804649 {\n  padding-top: 30px;\n  padding-bottom: 30px;\n}\n#section_872804649 .ux-shape-divider--top svg {\n  height: 150px;\n  --divider-top-width: 100%;\n}\n#section_872804649 .ux-shape-divider--bottom svg {\n  height: 150px;\n  --divider-width: 100%;\n}\n<\/style>\n\t<\/section>\n\t\n\n\n","protected":false},"excerpt":{"rendered":"","protected":false},"author":1,"featured_media":0,"parent":0,"menu_order":0,"comment_status":"closed","ping_status":"closed","template":"page-transparent-header.php","meta":{"footnotes":""},"class_list":["post-326","page","type-page","status-publish","hentry"],"yoast_head":"<!-- This site is optimized with the Yoast SEO plugin v27.3 - https:\/\/yoast.com\/product\/yoast-seo-wordpress\/ -->\n<title>Hotel Fertel Maillot Paris - Site Oficial - Palais des Congres Paris<\/title>\n<meta name=\"description\" content=\"Descubra o site oficial do Hotel Fertel Maillot, um hotel de 3 estrelas perto de Porte Maillot e do Palais des Congres em Paris.\" \/>\n<meta name=\"robots\" content=\"index, follow, max-snippet:-1, max-image-preview:large, max-video-preview:-1\" \/>\n<link rel=\"canonical\" href=\"https:\/\/www.hotelfertelmaillot.com\/pt-br\/\" \/>\n<meta property=\"og:locale\" content=\"pt_BR\" \/>\n<meta property=\"og:type\" content=\"article\" \/>\n<meta property=\"og:title\" content=\"Hotel Fertel Maillot Paris - Site Oficial - Palais des Congres Paris\" \/>\n<meta property=\"og:description\" content=\"Descubra o site oficial do Hotel Fertel Maillot, um hotel de 3 estrelas perto de Porte Maillot e do Palais des Congres em Paris.\" \/>\n<meta property=\"og:url\" content=\"https:\/\/www.hotelfertelmaillot.com\/pt-br\/\" \/>\n<meta property=\"og:site_name\" content=\"H\u00f4tel Fertel Maillot Paris\" \/>\n<meta property=\"article:modified_time\" content=\"2023-06-21T18:37:27+00:00\" \/>\n<meta name=\"twitter:card\" content=\"summary_large_image\" \/>\n<meta name=\"twitter:label1\" content=\"Est. tempo de leitura\" \/>\n\t<meta name=\"twitter:data1\" content=\"3 minutos\" \/>\n<script type=\"application\/ld+json\" class=\"yoast-schema-graph\">{\"@context\":\"https:\\\/\\\/schema.org\",\"@graph\":[{\"@type\":\"WebPage\",\"@id\":\"https:\\\/\\\/www.hotelfertelmaillot.com\\\/pt-br\\\/\",\"url\":\"https:\\\/\\\/www.hotelfertelmaillot.com\\\/pt-br\\\/\",\"name\":\"Hotel Fertel Maillot Paris - Site Oficial - Palais des Congres Paris\",\"isPartOf\":{\"@id\":\"https:\\\/\\\/www.hotelfertelmaillot.com\\\/pt-br\\\/#website\"},\"datePublished\":\"2023-04-25T12:19:30+00:00\",\"dateModified\":\"2023-06-21T18:37:27+00:00\",\"description\":\"Descubra o site oficial do Hotel Fertel Maillot, um hotel de 3 estrelas perto de Porte Maillot e do Palais des Congres em Paris.\",\"breadcrumb\":{\"@id\":\"https:\\\/\\\/www.hotelfertelmaillot.com\\\/pt-br\\\/#breadcrumb\"},\"inLanguage\":\"pt-BR\",\"potentialAction\":[{\"@type\":\"ReadAction\",\"target\":[\"https:\\\/\\\/www.hotelfertelmaillot.com\\\/pt-br\\\/\"]}]},{\"@type\":\"BreadcrumbList\",\"@id\":\"https:\\\/\\\/www.hotelfertelmaillot.com\\\/pt-br\\\/#breadcrumb\",\"itemListElement\":[{\"@type\":\"ListItem\",\"position\":1,\"name\":\"Accueil\",\"item\":\"https:\\\/\\\/www.hotelfertelmaillot.com\\\/pt-br\\\/hotel\\\/\"},{\"@type\":\"ListItem\",\"position\":2,\"name\":\"Accueil\"}]},{\"@type\":\"WebSite\",\"@id\":\"https:\\\/\\\/www.hotelfertelmaillot.com\\\/pt-br\\\/#website\",\"url\":\"https:\\\/\\\/www.hotelfertelmaillot.com\\\/pt-br\\\/\",\"name\":\"H\u00f4tel Fertel Maillot Paris\",\"description\":\"\",\"potentialAction\":[{\"@type\":\"SearchAction\",\"target\":{\"@type\":\"EntryPoint\",\"urlTemplate\":\"https:\\\/\\\/www.hotelfertelmaillot.com\\\/pt-br\\\/?s={search_term_string}\"},\"query-input\":{\"@type\":\"PropertyValueSpecification\",\"valueRequired\":true,\"valueName\":\"search_term_string\"}}],\"inLanguage\":\"pt-BR\"}]}<\/script>\n<!-- \/ Yoast SEO plugin. -->","yoast_head_json":{"title":"Hotel Fertel Maillot Paris - Site Oficial - Palais des Congres Paris","description":"Descubra o site oficial do Hotel Fertel Maillot, um hotel de 3 estrelas perto de Porte Maillot e do Palais des Congres em Paris.","robots":{"index":"index","follow":"follow","max-snippet":"max-snippet:-1","max-image-preview":"max-image-preview:large","max-video-preview":"max-video-preview:-1"},"canonical":"https:\/\/www.hotelfertelmaillot.com\/pt-br\/","og_locale":"pt_BR","og_type":"article","og_title":"Hotel Fertel Maillot Paris - Site Oficial - Palais des Congres Paris","og_description":"Descubra o site oficial do Hotel Fertel Maillot, um hotel de 3 estrelas perto de Porte Maillot e do Palais des Congres em Paris.","og_url":"https:\/\/www.hotelfertelmaillot.com\/pt-br\/","og_site_name":"H\u00f4tel Fertel Maillot Paris","article_modified_time":"2023-06-21T18:37:27+00:00","twitter_card":"summary_large_image","twitter_misc":{"Est. tempo de leitura":"3 minutos"},"schema":{"@context":"https:\/\/schema.org","@graph":[{"@type":"WebPage","@id":"https:\/\/www.hotelfertelmaillot.com\/pt-br\/","url":"https:\/\/www.hotelfertelmaillot.com\/pt-br\/","name":"Hotel Fertel Maillot Paris - Site Oficial - Palais des Congres Paris","isPartOf":{"@id":"https:\/\/www.hotelfertelmaillot.com\/pt-br\/#website"},"datePublished":"2023-04-25T12:19:30+00:00","dateModified":"2023-06-21T18:37:27+00:00","description":"Descubra o site oficial do Hotel Fertel Maillot, um hotel de 3 estrelas perto de Porte Maillot e do Palais des Congres em Paris.","breadcrumb":{"@id":"https:\/\/www.hotelfertelmaillot.com\/pt-br\/#breadcrumb"},"inLanguage":"pt-BR","potentialAction":[{"@type":"ReadAction","target":["https:\/\/www.hotelfertelmaillot.com\/pt-br\/"]}]},{"@type":"BreadcrumbList","@id":"https:\/\/www.hotelfertelmaillot.com\/pt-br\/#breadcrumb","itemListElement":[{"@type":"ListItem","position":1,"name":"Accueil","item":"https:\/\/www.hotelfertelmaillot.com\/pt-br\/hotel\/"},{"@type":"ListItem","position":2,"name":"Accueil"}]},{"@type":"WebSite","@id":"https:\/\/www.hotelfertelmaillot.com\/pt-br\/#website","url":"https:\/\/www.hotelfertelmaillot.com\/pt-br\/","name":"H\u00f4tel Fertel Maillot Paris","description":"","potentialAction":[{"@type":"SearchAction","target":{"@type":"EntryPoint","urlTemplate":"https:\/\/www.hotelfertelmaillot.com\/pt-br\/?s={search_term_string}"},"query-input":{"@type":"PropertyValueSpecification","valueRequired":true,"valueName":"search_term_string"}}],"inLanguage":"pt-BR"}]}},"_links":{"self":[{"href":"https:\/\/www.hotelfertelmaillot.com\/pt-br\/wp-json\/wp\/v2\/pages\/326","targetHints":{"allow":["GET"]}}],"collection":[{"href":"https:\/\/www.hotelfertelmaillot.com\/pt-br\/wp-json\/wp\/v2\/pages"}],"about":[{"href":"https:\/\/www.hotelfertelmaillot.com\/pt-br\/wp-json\/wp\/v2\/types\/page"}],"author":[{"embeddable":true,"href":"https:\/\/www.hotelfertelmaillot.com\/pt-br\/wp-json\/wp\/v2\/users\/1"}],"replies":[{"embeddable":true,"href":"https:\/\/www.hotelfertelmaillot.com\/pt-br\/wp-json\/wp\/v2\/comments?post=326"}],"version-history":[{"count":4,"href":"https:\/\/www.hotelfertelmaillot.com\/pt-br\/wp-json\/wp\/v2\/pages\/326\/revisions"}],"predecessor-version":[{"id":405,"href":"https:\/\/www.hotelfertelmaillot.com\/pt-br\/wp-json\/wp\/v2\/pages\/326\/revisions\/405"}],"wp:attachment":[{"href":"https:\/\/www.hotelfertelmaillot.com\/pt-br\/wp-json\/wp\/v2\/media?parent=326"}],"curies":[{"name":"wp","href":"https:\/\/api.w.org\/{rel}","templated":true}]}}